{"id":769,"date":"2025-10-20T19:04:02","date_gmt":"2025-10-20T19:04:02","guid":{"rendered":"https:\/\/denizgiray.com\/?page_id=769"},"modified":"2025-10-20T19:04:03","modified_gmt":"2025-10-20T19:04:03","slug":"contact","status":"publish","type":"page","link":"https:\/\/denizgiray.com\/?page_id=769","title":{"rendered":"Contact"},"content":{"rendered":"\n<p class=\"has-theme-palette-2-color has-text-color has-link-color has-medium-font-size wp-elements-c1be09e9b5dde280fcf399a61cef2aeb\">Contact<\/p>\n\n\n\n<p class=\"has-theme-palette-2-color has-text-color has-link-color has-medium-font-size wp-elements-17c49df1328caad7d1c35fb80ce12dd5\"><\/p>\n\n\n\n<div class=\"wp-block-group is-nowrap is-layout-flex wp-container-core-group-is-layout-ad2f72ca wp-block-group-is-layout-flex\">\n<figure class=\"wp-block-image size-full is-resized\"><img fetchpriority=\"high\" decoding=\"async\" width=\"512\" height=\"512\" src=\"https:\/\/denizgiray.com\/wp-content\/uploads\/2025\/09\/home.png\" alt=\"\" class=\"wp-image-577\" style=\"width:39px;height:auto\" srcset=\"https:\/\/denizgiray.com\/wp-content\/uploads\/2025\/09\/home.png 512w, https:\/\/denizgiray.com\/wp-content\/uploads\/2025\/09\/home-300x300.png 300w, https:\/\/denizgiray.com\/wp-content\/uploads\/2025\/09\/home-150x150.png 150w\" sizes=\"(max-width: 512px) 100vw, 512px\" \/><\/figure>\n\n\n\n<p>K\u0131z\u0131lay Bulvar\u0131 D\u00fcnya Sok. No:20\/1 Kartal\/\u0130stanbul<\/p>\n<\/div>\n\n\n\n<div class=\"wp-block-group is-nowrap is-layout-flex wp-container-core-group-is-layout-ad2f72ca wp-block-group-is-layout-flex\">\n<figure class=\"wp-block-image size-full is-resized\"><img decoding=\"async\" width=\"512\" height=\"512\" src=\"https:\/\/denizgiray.com\/wp-content\/uploads\/2025\/09\/mail-1.png\" alt=\"\" class=\"wp-image-572\" style=\"width:39px;height:auto\" srcset=\"https:\/\/denizgiray.com\/wp-content\/uploads\/2025\/09\/mail-1.png 512w, https:\/\/denizgiray.com\/wp-content\/uploads\/2025\/09\/mail-1-300x300.png 300w, https:\/\/denizgiray.com\/wp-content\/uploads\/2025\/09\/mail-1-150x150.png 150w\" sizes=\"(max-width: 512px) 100vw, 512px\" \/><\/figure>\n\n\n\n<p>deniz@denizgiray.com<\/p>\n<\/div>\n\n\n\n<div class=\"wp-block-group is-nowrap is-layout-flex wp-container-core-group-is-layout-ad2f72ca wp-block-group-is-layout-flex\">\n<figure class=\"wp-block-image size-full is-resized\"><img decoding=\"async\" width=\"512\" height=\"512\" src=\"https:\/\/denizgiray.com\/wp-content\/uploads\/2025\/09\/telephone-1.png\" alt=\"\" class=\"wp-image-573\" style=\"width:38px;height:auto\" srcset=\"https:\/\/denizgiray.com\/wp-content\/uploads\/2025\/09\/telephone-1.png 512w, https:\/\/denizgiray.com\/wp-content\/uploads\/2025\/09\/telephone-1-300x300.png 300w, https:\/\/denizgiray.com\/wp-content\/uploads\/2025\/09\/telephone-1-150x150.png 150w\" sizes=\"(max-width: 512px) 100vw, 512px\" \/><\/figure>\n\n\n\n<p>+90 532 297 28 68 <\/p>\n<\/div>\n\n\n\n<iframe src=\"https:\/\/www.google.com\/maps\/embed?pb=!1m18!1m12!1m3!1d754.0183488634304!2d29.182184281459243!3d40.892204874266916!2m3!1f0!2f0!3f0!3m2!1i1024!2i768!4f13.1!3m3!1m2!1s0x14cac38328058105%3A0x63ca0619af35a939!2sYukar%C4%B1%2C%20Kuyumcu%20Sk.%20No%3A2%2C%2034860%20Kartal%2F%C4%B0stanbul!5e0!3m2!1str!2str!4v1758483879463!5m2!1str!2str\" width=\"400\" height=\"300\" style=\"border:0;\" allowfullscreen=\"\" loading=\"lazy\" referrerpolicy=\"no-referrer-when-downgrade\"><\/iframe>\n\n\n\n<p><\/p>\n","protected":false},"excerpt":{"rendered":"<p>Contact K\u0131z\u0131lay Bulvar\u0131 D\u00fcnya Sok. No:20\/1 Kartal\/\u0130stanbul deniz@denizgiray.com +90 532 297 28 68<\/p>\n","protected":false},"author":3,"featured_media":0,"parent":0,"menu_order":0,"comment_status":"closed","ping_status":"closed","template":"","meta":{"_kadence_starter_templates_imported_post":false,"_kad_post_transparent":"","_kad_post_title":"hide","_kad_post_layout":"","_kad_post_sidebar_id":"","_kad_post_content_style":"","_kad_post_vertical_padding":"","_kad_post_feature":"","_kad_post_feature_position":"","_kad_post_header":false,"_kad_post_footer":false,"footnotes":""},"class_list":["post-769","page","type-page","status-publish","hentry"],"_links":{"self":[{"href":"https:\/\/denizgiray.com\/index.php?rest_route=\/wp\/v2\/pages\/769","targetHints":{"allow":["GET"]}}],"collection":[{"href":"https:\/\/denizgiray.com\/index.php?rest_route=\/wp\/v2\/pages"}],"about":[{"href":"https:\/\/denizgiray.com\/index.php?rest_route=\/wp\/v2\/types\/page"}],"author":[{"embeddable":true,"href":"https:\/\/denizgiray.com\/index.php?rest_route=\/wp\/v2\/users\/3"}],"replies":[{"embeddable":true,"href":"https:\/\/denizgiray.com\/index.php?rest_route=%2Fwp%2Fv2%2Fcomments&post=769"}],"version-history":[{"count":1,"href":"https:\/\/denizgiray.com\/index.php?rest_route=\/wp\/v2\/pages\/769\/revisions"}],"predecessor-version":[{"id":770,"href":"https:\/\/denizgiray.com\/index.php?rest_route=\/wp\/v2\/pages\/769\/revisions\/770"}],"wp:attachment":[{"href":"https:\/\/denizgiray.com\/index.php?rest_route=%2Fwp%2Fv2%2Fmedia&parent=769"}],"curies":[{"name":"wp","href":"https:\/\/api.w.org\/{rel}","templated":true}]}}