{"id":7,"date":"2024-09-07T15:31:00","date_gmt":"2024-09-07T15:31:00","guid":{"rendered":"https:\/\/denizgiray.com\/?page_id=7"},"modified":"2025-10-20T20:17:33","modified_gmt":"2025-10-20T20:17:33","slug":"danismanlik","status":"publish","type":"page","link":"https:\/\/denizgiray.com\/?page_id=7","title":{"rendered":"Dan\u0131\u015fmanl\u0131k"},"content":{"rendered":"\n<p class=\"has-theme-palette-2-color has-text-color has-link-color has-medium-font-size wp-elements-bf2a478010f35611cc70441ede86afc5\">Dan\u0131\u015fmanl\u0131k<\/p>\n\n\n\n<p>Merhabalar, bu sayfa yap\u0131m a\u015famas\u0131ndad\u0131r. \u00c7ok yak\u0131nda g\u00fcncel bilgiler eklenecektir. Deste\u011finiz i\u00e7in te\u015fekk\u00fcr ederim. <\/p>\n\n\n\n<ul class=\"wp-block-list\">\n<li>\u0130kinci el tekne al\u0131m\u0131<\/li>\n\n\n\n<li>S\u0131f\u0131r tekne al\u0131m s\u00fcreci<\/li>\n\n\n\n<li>Tekne se\u00e7imi<\/li>\n\n\n\n<li>Marina\/Rota\/Evraksal S\u00fcre\u00e7ler<\/li>\n<\/ul>\n\n\n<div class=\"wp-block-image\">\n<figure class=\"aligncenter size-full is-resized\"><img fetchpriority=\"high\" decoding=\"async\" width=\"800\" height=\"533\" src=\"https:\/\/denizgiray.com\/wp-content\/uploads\/2025\/10\/Foto-deniz-giray.jpg\" alt=\"\" class=\"wp-image-776\" style=\"width:662px;height:auto\" srcset=\"https:\/\/denizgiray.com\/wp-content\/uploads\/2025\/10\/Foto-deniz-giray.jpg 800w, https:\/\/denizgiray.com\/wp-content\/uploads\/2025\/10\/Foto-deniz-giray-300x200.jpg 300w, https:\/\/denizgiray.com\/wp-content\/uploads\/2025\/10\/Foto-deniz-giray-768x512.jpg 768w\" sizes=\"(max-width: 800px) 100vw, 800px\" \/><\/figure><\/div>","protected":false},"excerpt":{"rendered":"<p>Dan\u0131\u015fmanl\u0131k Merhabalar, bu sayfa yap\u0131m a\u015famas\u0131ndad\u0131r. \u00c7ok yak\u0131nda g\u00fcncel bilgiler eklenecektir. Deste\u011finiz i\u00e7in te\u015fekk\u00fcr ederim.<\/p>\n","protected":false},"author":1,"featured_media":0,"parent":0,"menu_order":0,"comment_status":"closed","ping_status":"closed","template":"","meta":{"_kadence_starter_templates_imported_post":false,"_kad_post_transparent":"","_kad_post_title":"hide","_kad_post_layout":"","_kad_post_sidebar_id":"","_kad_post_content_style":"","_kad_post_vertical_padding":"","_kad_post_feature":"","_kad_post_feature_position":"","_kad_post_header":false,"_kad_post_footer":false,"footnotes":""},"class_list":["post-7","page","type-page","status-publish","hentry"],"_links":{"self":[{"href":"https:\/\/denizgiray.com\/index.php?rest_route=\/wp\/v2\/pages\/7","targetHints":{"allow":["GET"]}}],"collection":[{"href":"https:\/\/denizgiray.com\/index.php?rest_route=\/wp\/v2\/pages"}],"about":[{"href":"https:\/\/denizgiray.com\/index.php?rest_route=\/wp\/v2\/types\/page"}],"author":[{"embeddable":true,"href":"https:\/\/denizgiray.com\/index.php?rest_route=\/wp\/v2\/users\/1"}],"replies":[{"embeddable":true,"href":"https:\/\/denizgiray.com\/index.php?rest_route=%2Fwp%2Fv2%2Fcomments&post=7"}],"version-history":[{"count":4,"href":"https:\/\/denizgiray.com\/index.php?rest_route=\/wp\/v2\/pages\/7\/revisions"}],"predecessor-version":[{"id":777,"href":"https:\/\/denizgiray.com\/index.php?rest_route=\/wp\/v2\/pages\/7\/revisions\/777"}],"wp:attachment":[{"href":"https:\/\/denizgiray.com\/index.php?rest_route=%2Fwp%2Fv2%2Fmedia&parent=7"}],"curies":[{"name":"wp","href":"https:\/\/api.w.org\/{rel}","templated":true}]}}