{"id":606,"date":"2025-09-23T06:55:00","date_gmt":"2025-09-23T06:55:00","guid":{"rendered":"https:\/\/denizgiray.com\/?page_id=606"},"modified":"2025-10-20T17:10:34","modified_gmt":"2025-10-20T17:10:34","slug":"sosyal-medyda-biz","status":"publish","type":"page","link":"https:\/\/denizgiray.com\/?page_id=606","title":{"rendered":"Sosyal Medya&#8217;da Biz"},"content":{"rendered":"\n<p class=\"has-theme-palette-2-color has-text-color has-link-color has-medium-font-size wp-elements-c6f77841c4be4d0fb6e7d8b71bda8ea8\">Sosyal Medya&#8217;da Biz<\/p>\n\n\n\n<p><strong>YouTube<\/strong> platformunda, sizlerin deste\u011fiyle bug\u00fcn <strong>45.000 aboneye<\/strong>, <strong>yakla\u015f\u0131k 5 milyon g\u00f6r\u00fcnt\u00fclenmeye<\/strong> ve <strong>800.000 saate yak\u0131n toplam izlenme s\u00fcresine<\/strong> ula\u015ft\u0131k.<\/p>\n\n\n\n<p>Kanal\u0131m\u0131zda; <strong>denizcilik, yat\u00e7\u0131l\u0131k, yelken bilgileri, bak\u0131m ve teknik e\u011fitim videolar\u0131<\/strong> ile <strong>yat tan\u0131t\u0131mlar\u0131<\/strong> payla\u015farak, deniz k\u00fclt\u00fcr\u00fcn\u00fcn geli\u015fmesine katk\u0131 sa\u011flamaya devam ediyoruz.<\/p>\n\n\n\n<p>Ayr\u0131ca, <strong>2005 y\u0131l\u0131nda kurdu\u011fumuz <a href=\"https:\/\/yelkenokulu.com\">yelkenokulu.com<\/a><\/strong> sayfam\u0131z, y\u0131llar i\u00e7inde milyonlarca ki\u015fi taraf\u0131ndan ziyaret edilerek, <strong>denizcilik ve yelken alan\u0131nda T\u00fcrkiye\u2019nin en \u00e7ok takip edilen bilgi platformlar\u0131ndan biri<\/strong> haline gelmi\u015ftir.<\/p>\n\n\n\n<figure class=\"wp-block-image size-full is-resized\"><a href=\"https:\/\/www.youtube.com\/@DenizGiraya\"><img fetchpriority=\"high\" decoding=\"async\" width=\"691\" height=\"242\" src=\"https:\/\/denizgiray.com\/wp-content\/uploads\/2025\/09\/image-105.png\" alt=\"\" class=\"wp-image-616\" style=\"width:148px;height:auto\" srcset=\"https:\/\/denizgiray.com\/wp-content\/uploads\/2025\/09\/image-105.png 691w, https:\/\/denizgiray.com\/wp-content\/uploads\/2025\/09\/image-105-300x105.png 300w\" sizes=\"(max-width: 691px) 100vw, 691px\" \/><\/a><\/figure>\n\n\n\n<figure class=\"wp-block-image size-full is-resized\"><a href=\"https:\/\/www.instagram.com\/giraydeniz\/\"><img decoding=\"async\" width=\"379\" height=\"389\" src=\"https:\/\/denizgiray.com\/wp-content\/uploads\/2025\/09\/image-106.png\" alt=\"\" class=\"wp-image-621\" style=\"width:62px;height:auto\" srcset=\"https:\/\/denizgiray.com\/wp-content\/uploads\/2025\/09\/image-106.png 379w, https:\/\/denizgiray.com\/wp-content\/uploads\/2025\/09\/image-106-292x300.png 292w\" sizes=\"(max-width: 379px) 100vw, 379px\" \/><\/a><\/figure>\n\n\n<form role=\"search\" method=\"get\" action=\"https:\/\/denizgiray.com\/\" class=\"wp-block-search__button-outside wp-block-search__text-button wp-block-search\"    ><label class=\"wp-block-search__label\" for=\"wp-block-search__input-1\" ><br><br>Ara<\/label><div class=\"wp-block-search__inside-wrapper \" ><input class=\"wp-block-search__input\" id=\"wp-block-search__input-1\" placeholder=\"\" value=\"\" type=\"search\" name=\"s\" required \/><button aria-label=\"Arama\" class=\"wp-block-search__button wp-element-button\" type=\"submit\" >Arama<\/button><\/div><\/form>\n\n\n<p><\/p>\n","protected":false},"excerpt":{"rendered":"<p>Sosyal Medya&#8217;da Biz YouTube platformunda, sizlerin deste\u011fiyle bug\u00fcn 45.000 aboneye, yakla\u015f\u0131k 5 milyon g\u00f6r\u00fcnt\u00fclenmeye ve 800.000 saate yak\u0131n toplam izlenme s\u00fcresine ula\u015ft\u0131k. Kanal\u0131m\u0131zda; denizcilik, yat\u00e7\u0131l\u0131k, yelken bilgileri, bak\u0131m ve teknik e\u011fitim videolar\u0131 ile yat tan\u0131t\u0131mlar\u0131 payla\u015farak, deniz k\u00fclt\u00fcr\u00fcn\u00fcn geli\u015fmesine katk\u0131 sa\u011flamaya devam ediyoruz. Ayr\u0131ca, 2005 y\u0131l\u0131nda kurdu\u011fumuz yelkenokulu.com sayfam\u0131z, y\u0131llar i\u00e7inde milyonlarca ki\u015fi taraf\u0131ndan ziyaret&#8230;<\/p>\n","protected":false},"author":3,"featured_media":0,"parent":0,"menu_order":0,"comment_status":"closed","ping_status":"closed","template":"","meta":{"_kadence_starter_templates_imported_post":false,"_kad_post_transparent":"","_kad_post_title":"hide","_kad_post_layout":"","_kad_post_sidebar_id":"","_kad_post_content_style":"","_kad_post_vertical_padding":"","_kad_post_feature":"","_kad_post_feature_position":"","_kad_post_header":false,"_kad_post_footer":false,"footnotes":""},"class_list":["post-606","page","type-page","status-publish","hentry"],"_links":{"self":[{"href":"https:\/\/denizgiray.com\/index.php?rest_route=\/wp\/v2\/pages\/606","targetHints":{"allow":["GET"]}}],"collection":[{"href":"https:\/\/denizgiray.com\/index.php?rest_route=\/wp\/v2\/pages"}],"about":[{"href":"https:\/\/denizgiray.com\/index.php?rest_route=\/wp\/v2\/types\/page"}],"author":[{"embeddable":true,"href":"https:\/\/denizgiray.com\/index.php?rest_route=\/wp\/v2\/users\/3"}],"replies":[{"embeddable":true,"href":"https:\/\/denizgiray.com\/index.php?rest_route=%2Fwp%2Fv2%2Fcomments&post=606"}],"version-history":[{"count":13,"href":"https:\/\/denizgiray.com\/index.php?rest_route=\/wp\/v2\/pages\/606\/revisions"}],"predecessor-version":[{"id":715,"href":"https:\/\/denizgiray.com\/index.php?rest_route=\/wp\/v2\/pages\/606\/revisions\/715"}],"wp:attachment":[{"href":"https:\/\/denizgiray.com\/index.php?rest_route=%2Fwp%2Fv2%2Fmedia&parent=606"}],"curies":[{"name":"wp","href":"https:\/\/api.w.org\/{rel}","templated":true}]}}