{"id":553,"date":"2025-09-21T19:27:59","date_gmt":"2025-09-21T19:27:59","guid":{"rendered":"https:\/\/denizgiray.com\/?page_id=553"},"modified":"2025-10-20T17:02:36","modified_gmt":"2025-10-20T17:02:36","slug":"kalite-politikamiz","status":"publish","type":"page","link":"https:\/\/denizgiray.com\/?page_id=553","title":{"rendered":"Kalite Politikam\u0131z"},"content":{"rendered":"\n<p class=\"has-theme-palette-2-color has-text-color has-link-color has-medium-font-size wp-elements-cc656dc51bbc07a1796e7ed27cc721db\">Kalite Politikam\u0131z<\/p>\n\n\n\n<p>S\u00fcrekli geli\u015fen ve de\u011fi\u015fen yat\u00e7\u0131l\u0131k sekt\u00f6r\u00fcnde, yenilikleri yak\u0131ndan takip ederek kendimizi <strong>s\u00fcrekli geli\u015ftirme hedefindeyiz.<\/strong><br>Yeni teknolojik ekipmanlar ve modern s\u00f6rvey y\u00f6ntemlerini etkin bi\u00e7imde kullanabilmek i\u00e7in, <strong>t\u00fcm y\u00f6netim ve denetim s\u00fcre\u00e7lerimizi d\u00fczenli olarak revize etmekteyiz.<\/strong><\/p>\n\n\n\n<p><strong>Denizlerde g\u00fcvenli\u011fin \u00f6nemini<\/strong>, 32 y\u0131ll\u0131k tekne kullanma tecr\u00fcbemizle birle\u015ftiriyor, her \u00e7al\u0131\u015fmam\u0131zda <strong>\u201c\u00f6nce g\u00fcvenlik\u201d<\/strong> prensibiyle kalite s\u00fcre\u00e7lerimizi yeniden \u015fekillendiriyoruz.<\/p>\n\n\n\n<p>M\u00fc\u015fteri memnuniyetini ve yatlar\u0131n seyir g\u00fcvenli\u011fini en \u00f6n planda tutarak, yaln\u0131zca s\u00f6rvey raporlamas\u0131yla de\u011fil; <strong>s\u00f6rvey sonras\u0131nda da<\/strong> yeni tekne sahiplerine <strong>s\u00fcrekli teknik destek ve y\u00f6nlendirme<\/strong> sa\u011flamaktay\u0131z. Amac\u0131m\u0131z, t\u00fcm beklentileri eksiksiz kar\u015f\u0131lamak ve uzun vadeli memnuniyet olu\u015fturmakt\u0131r.<\/p>\n\n\n\n<p>T\u00fcm raporlama s\u00fcre\u00e7lerimizi, <strong>yorum veya ki\u015fisel yarg\u0131lara de\u011fil<\/strong>, uluslararas\u0131 standartlar ve denetim y\u00f6netmeliklerine dayand\u0131r\u0131yoruz.<br>Y\u0131llarca sorgulanmadan kabul edilmi\u015f, ancak teknik ger\u00e7ekli\u011fi yans\u0131tmayan uygulamalara kar\u015f\u0131, <strong>bilimsel ve \u00f6l\u00e7\u00fclebilir kalite standartlar\u0131m\u0131zla<\/strong> yan\u0131t vermekteyiz.<\/p>\n\n\n\n<p>Ba\u011f\u0131ms\u0131zl\u0131k ilkesine s\u0131k\u0131 s\u0131k\u0131ya ba\u011fl\u0131y\u0131z. <strong>Hi\u00e7bir kurum veya kurulu\u015fun etkisi alt\u0131nda kalmadan<\/strong>, t\u00fcm yat s\u00f6rvey raporlar\u0131m\u0131z\u0131 <strong>tarafs\u0131z, objektif ve ba\u011f\u0131ms\u0131z<\/strong> \u015fekilde haz\u0131rl\u0131yoruz.<\/p>\n\n\n\n<p>Her s\u00f6rvey s\u00fcrecinde <strong>proaktif d\u00fc\u015f\u00fcnce yap\u0131s\u0131<\/strong> ile hareket ederek, ileride ortaya \u00e7\u0131kabilecek olas\u0131 risklerin \u00f6n\u00fcne ge\u00e7meyi hedefliyoruz.<\/p>\n\n\n\n<p>Faaliyet g\u00f6sterdi\u011fimiz t\u00fcm alanlarda, <strong>en k\u00fc\u00e7\u00fck detaya kadar bilgilendirici ve y\u00f6nlendirici raporlar<\/strong> haz\u0131rlayarak, s\u00f6rvey s\u00fcre\u00e7lerinin g\u00fcvenilirli\u011fini en \u00fcst seviyede tutmaktay\u0131z.<\/p>\n\n\n\n<p>Denizcilik k\u00fclt\u00fcr\u00fcn\u00fcn temelinde yer alan g\u00fcvenlik bilincini, y\u00fcr\u00fctt\u00fc\u011f\u00fcm\u00fcz her s\u00fcre\u00e7te <strong>uygulamal\u0131 kalite y\u00f6netim ilkeleriyle<\/strong> birle\u015ftiriyoruz.<\/p>\n\n\n\n<p>Ger\u00e7ekle\u015ftirdi\u011fimiz t\u00fcm yat s\u00f6rvey faaliyetlerinde <strong>m\u00fc\u015fteri \u015fikayetlerini, maddi kay\u0131plar\u0131 ve olumsuz geri bildirimleri s\u0131f\u0131ra indirmek<\/strong> en b\u00fcy\u00fck hedefimizdir.<br>Ba\u011fl\u0131 bulundu\u011fumuz uluslararas\u0131 standartlar\u0131n gerekliliklerini takip ediyor ve sekt\u00f6rel yenilikleri <strong>yak\u0131ndan izleyerek s\u00fcrekli geli\u015fim<\/strong> sa\u011fl\u0131yoruz.<\/p>\n\n\n\n<p><\/p>\n","protected":false},"excerpt":{"rendered":"<p>Kalite Politikam\u0131z S\u00fcrekli geli\u015fen ve de\u011fi\u015fen yat\u00e7\u0131l\u0131k sekt\u00f6r\u00fcnde, yenilikleri yak\u0131ndan takip ederek kendimizi s\u00fcrekli geli\u015ftirme hedefindeyiz.Yeni teknolojik ekipmanlar ve modern s\u00f6rvey y\u00f6ntemlerini etkin bi\u00e7imde kullanabilmek i\u00e7in, t\u00fcm y\u00f6netim ve denetim s\u00fcre\u00e7lerimizi d\u00fczenli olarak revize etmekteyiz. Denizlerde g\u00fcvenli\u011fin \u00f6nemini, 32 y\u0131ll\u0131k tekne kullanma tecr\u00fcbemizle birle\u015ftiriyor, her \u00e7al\u0131\u015fmam\u0131zda \u201c\u00f6nce g\u00fcvenlik\u201d prensibiyle kalite s\u00fcre\u00e7lerimizi yeniden \u015fekillendiriyoruz. M\u00fc\u015fteri memnuniyetini&#8230;<\/p>\n","protected":false},"author":3,"featured_media":0,"parent":0,"menu_order":0,"comment_status":"closed","ping_status":"closed","template":"","meta":{"_kadence_starter_templates_imported_post":false,"_kad_post_transparent":"","_kad_post_title":"hide","_kad_post_layout":"","_kad_post_sidebar_id":"","_kad_post_content_style":"","_kad_post_vertical_padding":"","_kad_post_feature":"","_kad_post_feature_position":"","_kad_post_header":false,"_kad_post_footer":false,"footnotes":""},"class_list":["post-553","page","type-page","status-publish","hentry"],"_links":{"self":[{"href":"https:\/\/denizgiray.com\/index.php?rest_route=\/wp\/v2\/pages\/553","targetHints":{"allow":["GET"]}}],"collection":[{"href":"https:\/\/denizgiray.com\/index.php?rest_route=\/wp\/v2\/pages"}],"about":[{"href":"https:\/\/denizgiray.com\/index.php?rest_route=\/wp\/v2\/types\/page"}],"author":[{"embeddable":true,"href":"https:\/\/denizgiray.com\/index.php?rest_route=\/wp\/v2\/users\/3"}],"replies":[{"embeddable":true,"href":"https:\/\/denizgiray.com\/index.php?rest_route=%2Fwp%2Fv2%2Fcomments&post=553"}],"version-history":[{"count":11,"href":"https:\/\/denizgiray.com\/index.php?rest_route=\/wp\/v2\/pages\/553\/revisions"}],"predecessor-version":[{"id":705,"href":"https:\/\/denizgiray.com\/index.php?rest_route=\/wp\/v2\/pages\/553\/revisions\/705"}],"wp:attachment":[{"href":"https:\/\/denizgiray.com\/index.php?rest_route=%2Fwp%2Fv2%2Fmedia&parent=553"}],"curies":[{"name":"wp","href":"https:\/\/api.w.org\/{rel}","templated":true}]}}