{"id":430,"date":"2025-09-18T21:22:16","date_gmt":"2025-09-18T21:22:16","guid":{"rendered":"https:\/\/denizgiray.com\/?page_id=430"},"modified":"2025-10-20T19:54:03","modified_gmt":"2025-10-20T19:54:03","slug":"hizmetlerimiz","status":"publish","type":"page","link":"https:\/\/denizgiray.com\/?page_id=430","title":{"rendered":"Hizmetler"},"content":{"rendered":"\n<p class=\"has-theme-palette-2-color has-text-color has-link-color has-medium-font-size wp-elements-2ddfa4541bafc827acbea765204603f3\">Hizmetler<\/p>\n\n\n\n<ul class=\"wp-block-list\">\n<li>Tekne bak\u0131m dan\u0131\u015fmanl\u0131\u011f\u0131<\/li>\n\n\n\n<li>Sat\u0131n alma \u00f6ncesi dan\u0131\u015fmanl\u0131k<\/li>\n\n\n\n<li>Hasar tespiti <\/li>\n\n\n\n<li>Kondisyon s\u00f6rveyi<\/li>\n\n\n\n<li>Sat\u0131n al\u0131m \u00f6ncesi s\u00f6rvey<\/li>\n\n\n\n<li>Tekne transferi<\/li>\n\n\n\n<li>Teknenizde yelken ve denizcilik e\u011fitimi<\/li>\n\n\n\n<li>Tekne sat\u0131\u015f dan\u0131\u015fmanl\u0131\u011f\u0131<\/li>\n\n\n\n<li>Denizde acil durum e\u011fitimleri<\/li>\n<\/ul>\n","protected":false},"excerpt":{"rendered":"<p>Hizmetler<\/p>\n","protected":false},"author":3,"featured_media":0,"parent":0,"menu_order":0,"comment_status":"closed","ping_status":"closed","template":"","meta":{"_kadence_starter_templates_imported_post":false,"_kad_post_transparent":"","_kad_post_title":"hide","_kad_post_layout":"","_kad_post_sidebar_id":"","_kad_post_content_style":"","_kad_post_vertical_padding":"","_kad_post_feature":"","_kad_post_feature_position":"","_kad_post_header":false,"_kad_post_footer":false,"footnotes":""},"class_list":["post-430","page","type-page","status-publish","hentry"],"_links":{"self":[{"href":"https:\/\/denizgiray.com\/index.php?rest_route=\/wp\/v2\/pages\/430","targetHints":{"allow":["GET"]}}],"collection":[{"href":"https:\/\/denizgiray.com\/index.php?rest_route=\/wp\/v2\/pages"}],"about":[{"href":"https:\/\/denizgiray.com\/index.php?rest_route=\/wp\/v2\/types\/page"}],"author":[{"embeddable":true,"href":"https:\/\/denizgiray.com\/index.php?rest_route=\/wp\/v2\/users\/3"}],"replies":[{"embeddable":true,"href":"https:\/\/denizgiray.com\/index.php?rest_route=%2Fwp%2Fv2%2Fcomments&post=430"}],"version-history":[{"count":3,"href":"https:\/\/denizgiray.com\/index.php?rest_route=\/wp\/v2\/pages\/430\/revisions"}],"predecessor-version":[{"id":774,"href":"https:\/\/denizgiray.com\/index.php?rest_route=\/wp\/v2\/pages\/430\/revisions\/774"}],"wp:attachment":[{"href":"https:\/\/denizgiray.com\/index.php?rest_route=%2Fwp%2Fv2%2Fmedia&parent=430"}],"curies":[{"name":"wp","href":"https:\/\/api.w.org\/{rel}","templated":true}]}}