{"id":412,"date":"2025-09-18T20:42:35","date_gmt":"2025-09-18T20:42:35","guid":{"rendered":"https:\/\/denizgiray.com\/?page_id=412"},"modified":"2025-10-20T17:04:33","modified_gmt":"2025-10-20T17:04:33","slug":"ornek-sorvey-raporlari","status":"publish","type":"page","link":"https:\/\/denizgiray.com\/?page_id=412","title":{"rendered":"\u00d6rnek s\u00f6rvey raporlar\u0131"},"content":{"rendered":"\n<p class=\"has-theme-palette-2-color has-text-color has-link-color has-medium-font-size wp-elements-5644c60d4a2d46e420adedb4f9dc72f9\">Referans S\u00f6rvey Raporlar\u0131<\/p>\n\n\n\n<p>Yapm\u0131\u015f oldu\u011fumuz baz\u0131 s\u00f6rveylerin \u00f6rnek raporlar\u0131n\u0131, a\u015fa\u011f\u0131daki ba\u011flant\u0131lardan inceleyebilirsiniz.<\/p>\n\n\n\n<div data-wp-interactive=\"core\/file\" class=\"wp-block-file\"><object data-wp-bind--hidden=\"!state.hasPdfPreview\" hidden class=\"wp-block-file__embed\" data=\"https:\/\/denizgiray.com\/wp-content\/uploads\/2025\/09\/Mangusta-80-Sorvey-Raporu-Gizli-12.03.2025_compressed.pdf\" type=\"application\/pdf\" style=\"width:100%;height:600px\" aria-label=\"Embed of Mangusta 80 S\u00f6rvey Raporu .\"><\/object><a id=\"wp-block-file--media-9cf06a5c-282d-4366-b79e-8aec70a098e5\" href=\"https:\/\/denizgiray.com\/wp-content\/uploads\/2025\/09\/Mangusta-80-Sorvey-Raporu-Gizli-12.03.2025_compressed.pdf\">Mangusta 80 S\u00f6rvey Raporu <\/a><a href=\"https:\/\/denizgiray.com\/wp-content\/uploads\/2025\/09\/Mangusta-80-Sorvey-Raporu-Gizli-12.03.2025_compressed.pdf\" class=\"wp-block-file__button wp-element-button\" download aria-describedby=\"wp-block-file--media-9cf06a5c-282d-4366-b79e-8aec70a098e5\">Download<\/a><\/div>\n\n\n\n<div data-wp-interactive=\"core\/file\" class=\"wp-block-file\"><object data-wp-bind--hidden=\"!state.hasPdfPreview\" hidden class=\"wp-block-file__embed\" data=\"https:\/\/denizgiray.com\/wp-content\/uploads\/2025\/09\/Admiral-27metre-Sorvey-Raporu-Aluminyum-Ingilizce_compressed_compressed.pdf\" type=\"application\/pdf\" style=\"width:100%;height:600px\" aria-label=\"Embed of Admiral 27m Survey Report.\"><\/object><a id=\"wp-block-file--media-128fd798-d334-431c-a5fc-eee518e26c99\" href=\"https:\/\/denizgiray.com\/wp-content\/uploads\/2025\/09\/Admiral-27metre-Sorvey-Raporu-Aluminyum-Ingilizce_compressed_compressed.pdf\">Admiral 27m Survey Report<\/a><a href=\"https:\/\/denizgiray.com\/wp-content\/uploads\/2025\/09\/Admiral-27metre-Sorvey-Raporu-Aluminyum-Ingilizce_compressed_compressed.pdf\" class=\"wp-block-file__button wp-element-button\" download aria-describedby=\"wp-block-file--media-128fd798-d334-431c-a5fc-eee518e26c99\">Download<\/a><\/div>\n\n\n\n<div data-wp-interactive=\"core\/file\" class=\"wp-block-file\"><object data-wp-bind--hidden=\"!state.hasPdfPreview\" hidden class=\"wp-block-file__embed\" data=\"https:\/\/denizgiray.com\/wp-content\/uploads\/2025\/09\/Bavaria-C46-PDI-Report-Gizli_compressed.pdf\" type=\"application\/pdf\" style=\"width:100%;height:600px\" aria-label=\"Embed of Bavaria C46 - Survey Report .\"><\/object><a id=\"wp-block-file--media-3925ba26-c4cb-4593-b05b-cec6b56a7262\" href=\"https:\/\/denizgiray.com\/wp-content\/uploads\/2025\/09\/Bavaria-C46-PDI-Report-Gizli_compressed.pdf\">Bavaria C46 &#8211; Survey Report <\/a><a href=\"https:\/\/denizgiray.com\/wp-content\/uploads\/2025\/09\/Bavaria-C46-PDI-Report-Gizli_compressed.pdf\" class=\"wp-block-file__button wp-element-button\" download aria-describedby=\"wp-block-file--media-3925ba26-c4cb-4593-b05b-cec6b56a7262\">Download<\/a><\/div>\n\n\n\n<p><\/p>\n","protected":false},"excerpt":{"rendered":"<p>Referans S\u00f6rvey Raporlar\u0131 Yapm\u0131\u015f oldu\u011fumuz baz\u0131 s\u00f6rveylerin \u00f6rnek raporlar\u0131n\u0131, a\u015fa\u011f\u0131daki ba\u011flant\u0131lardan inceleyebilirsiniz.<\/p>\n","protected":false},"author":3,"featured_media":0,"parent":0,"menu_order":0,"comment_status":"closed","ping_status":"closed","template":"","meta":{"_kadence_starter_templates_imported_post":false,"_kad_post_transparent":"","_kad_post_title":"hide","_kad_post_layout":"","_kad_post_sidebar_id":"","_kad_post_content_style":"","_kad_post_vertical_padding":"","_kad_post_feature":"","_kad_post_feature_position":"","_kad_post_header":false,"_kad_post_footer":false,"footnotes":""},"class_list":["post-412","page","type-page","status-publish","hentry"],"_links":{"self":[{"href":"https:\/\/denizgiray.com\/index.php?rest_route=\/wp\/v2\/pages\/412","targetHints":{"allow":["GET"]}}],"collection":[{"href":"https:\/\/denizgiray.com\/index.php?rest_route=\/wp\/v2\/pages"}],"about":[{"href":"https:\/\/denizgiray.com\/index.php?rest_route=\/wp\/v2\/types\/page"}],"author":[{"embeddable":true,"href":"https:\/\/denizgiray.com\/index.php?rest_route=\/wp\/v2\/users\/3"}],"replies":[{"embeddable":true,"href":"https:\/\/denizgiray.com\/index.php?rest_route=%2Fwp%2Fv2%2Fcomments&post=412"}],"version-history":[{"count":12,"href":"https:\/\/denizgiray.com\/index.php?rest_route=\/wp\/v2\/pages\/412\/revisions"}],"predecessor-version":[{"id":709,"href":"https:\/\/denizgiray.com\/index.php?rest_route=\/wp\/v2\/pages\/412\/revisions\/709"}],"wp:attachment":[{"href":"https:\/\/denizgiray.com\/index.php?rest_route=%2Fwp%2Fv2%2Fmedia&parent=412"}],"curies":[{"name":"wp","href":"https:\/\/api.w.org\/{rel}","templated":true}]}}