{"id":13,"date":"2024-09-07T15:31:42","date_gmt":"2024-09-07T15:31:42","guid":{"rendered":"https:\/\/denizgiray.com\/?page_id=13"},"modified":"2025-10-20T17:15:52","modified_gmt":"2025-10-20T17:15:52","slug":"hakkimizda","status":"publish","type":"page","link":"https:\/\/denizgiray.com\/?page_id=13","title":{"rendered":"Hakk\u0131m\u0131zda"},"content":{"rendered":"\n<p class=\"has-theme-palette-2-color has-text-color has-link-color has-medium-font-size wp-elements-e0472979cb920668906bfc14127ff396\">Hakk\u0131m\u0131zda<\/p>\n\n\n\n<p>1993 y\u0131l\u0131nda, hen\u00fcz <strong>10 ya\u015f\u0131ndayken Fenerbah\u00e7e Yelken \u015eubesi\u2019nde<\/strong> optimist s\u0131n\u0131f\u0131 ile yelken sporuna ba\u015flad\u0131m.<br>K\u0131sa s\u00fcrede <strong>T\u00fcrkiye Yelken Milli Tak\u0131m\u0131<\/strong>\u2019na se\u00e7ilerek, \u00e7e\u015fitli ulusal ve uluslararas\u0131 yar\u0131\u015flarda <strong>dereceler kazand\u0131m.<\/strong><\/p>\n\n\n\n<p>Lise y\u0131llar\u0131mda <strong>Galatasaray Yelken \u015eubesi Kaptanl\u0131\u011f\u0131<\/strong> ve <strong>Marmara Yelken Kul\u00fcb\u00fc<\/strong> b\u00fcnyesinde <strong>kaptanl\u0131k ve antren\u00f6rl\u00fck<\/strong> g\u00f6revlerinde bulundum.<br>Bu d\u00f6nem, hem <strong>liderlik<\/strong> hem de <strong>ekip y\u00f6netimi<\/strong> konular\u0131nda \u00f6nemli bir tecr\u00fcbe kazanmam\u0131 sa\u011flad\u0131.<\/p>\n\n\n<div class=\"wp-block-image\">\n<figure class=\"aligncenter size-large is-resized\"><img fetchpriority=\"high\" decoding=\"async\" width=\"1024\" height=\"768\" src=\"https:\/\/denizgiray.com\/wp-content\/uploads\/2025\/09\/Deniz-Giray-2009-1-1024x768.jpg\" alt=\"\" class=\"wp-image-394\" style=\"width:411px;height:auto\" srcset=\"https:\/\/denizgiray.com\/wp-content\/uploads\/2025\/09\/Deniz-Giray-2009-1-1024x768.jpg 1024w, https:\/\/denizgiray.com\/wp-content\/uploads\/2025\/09\/Deniz-Giray-2009-1-300x225.jpg 300w, https:\/\/denizgiray.com\/wp-content\/uploads\/2025\/09\/Deniz-Giray-2009-1-768x576.jpg 768w, https:\/\/denizgiray.com\/wp-content\/uploads\/2025\/09\/Deniz-Giray-2009-1.jpg 1200w\" sizes=\"(max-width: 1024px) 100vw, 1024px\" \/><\/figure><\/div>\n\n\n<p class=\"has-text-align-center\">Yukar\u0131da 2009 y\u0131l\u0131nda verdi\u011fim amat\u00f6r denizcilik e\u011fitimden bir kare g\u00f6r\u00fcl\u00fcyor.<\/p>\n\n\n\n<p>2005 y\u0131l\u0131nda, \u00fcniversite y\u0131llar\u0131mda <strong>Sevgili Efe \u00d6zbil<\/strong> ile birlikte <strong>Vira Yat\u00e7\u0131l\u0131k Yelken Okulu\u2019nu<\/strong> kurduk ve <strong>alt\u0131 y\u0131l boyunca ba\u015far\u0131yla faaliyet g\u00f6sterdik.<\/strong><\/p>\n\n\n\n<p>Bu s\u00fcre i\u00e7erisinde, yakla\u015f\u0131k <strong>1.600 ki\u015fiye ve \u00fcniversite \u00f6\u011frencisine<\/strong> yelkencili\u011fi ve denizcili\u011fi \u00f6\u011frettik; deniz k\u00fclt\u00fcr\u00fcn\u00fc tan\u0131tmaya ve yayg\u0131nla\u015ft\u0131rmaya katk\u0131 sa\u011flad\u0131k.<\/p>\n\n\n\n<p>Ayr\u0131ca, \u00e7ok say\u0131da kursiyerimize <strong>tekne sat\u0131n alma dan\u0131\u015fmanl\u0131\u011f\u0131<\/strong> ve <strong>teknik servis deste\u011fi<\/strong> sunarak, denizcilik alan\u0131nda bilin\u00e7li ve g\u00fcvenli ba\u015flang\u0131\u00e7 yapmalar\u0131na yard\u0131mc\u0131 olduk.<\/p>\n\n\n<div class=\"wp-block-image\">\n<figure class=\"aligncenter size-large is-resized\"><img decoding=\"async\" width=\"1024\" height=\"682\" src=\"https:\/\/denizgiray.com\/wp-content\/uploads\/2025\/09\/Deniz-Giray-1024x682.jpg\" alt=\"\" class=\"wp-image-390\" style=\"width:437px;height:auto\" srcset=\"https:\/\/denizgiray.com\/wp-content\/uploads\/2025\/09\/Deniz-Giray-1024x682.jpg 1024w, https:\/\/denizgiray.com\/wp-content\/uploads\/2025\/09\/Deniz-Giray-300x200.jpg 300w, https:\/\/denizgiray.com\/wp-content\/uploads\/2025\/09\/Deniz-Giray-768x512.jpg 768w, https:\/\/denizgiray.com\/wp-content\/uploads\/2025\/09\/Deniz-Giray.jpg 1280w\" sizes=\"(max-width: 1024px) 100vw, 1024px\" \/><\/figure><\/div>\n\n\n<p>Yelken okulu faaliyetlerimle e\u015f zamanl\u0131 olarak, <strong>Marmara Denizi, Ege Denizi ve Akdeniz<\/strong> genelinde <strong>tekne transferleri<\/strong> ger\u00e7ekle\u015ftirerek \u00f6nemli bir deniz tecr\u00fcbesi kazand\u0131m.<\/p>\n\n\n\n<p><strong>2004 \u2013 2012 y\u0131llar\u0131 aras\u0131nda<\/strong> yakla\u015f\u0131k <strong>120 tekne transferini<\/strong> sorunsuz bir \u015fekilde tamamlad\u0131m.<br>Bu s\u00fcre\u00e7, farkl\u0131 hava ve deniz ko\u015fullar\u0131nda seyr\u00fcsefer becerilerimi geli\u015ftirmemi ve <strong>denizin t\u00fcm zorlu \u015fartlar\u0131n\u0131 birebir deneyimleme f\u0131rsat\u0131<\/strong> bulmam\u0131 sa\u011flad\u0131.<\/p>\n\n\n<div class=\"wp-block-image\">\n<figure class=\"aligncenter size-full is-resized\"><img decoding=\"async\" width=\"960\" height=\"638\" src=\"https:\/\/denizgiray.com\/wp-content\/uploads\/2025\/09\/IMG_1684.jpg\" alt=\"\" class=\"wp-image-396\" style=\"width:437px;height:auto\" srcset=\"https:\/\/denizgiray.com\/wp-content\/uploads\/2025\/09\/IMG_1684.jpg 960w, https:\/\/denizgiray.com\/wp-content\/uploads\/2025\/09\/IMG_1684-300x199.jpg 300w, https:\/\/denizgiray.com\/wp-content\/uploads\/2025\/09\/IMG_1684-768x510.jpg 768w\" sizes=\"(max-width: 960px) 100vw, 960px\" \/><\/figure><\/div>\n\n\n<p>E\u011fitim hayat\u0131ma <strong>Kalam\u0131\u015f \u0130lkokulu<\/strong>\u2019nda ba\u015flad\u0131m, ard\u0131ndan <strong>H\u00fcseyin Avni S\u00f6zen Anadolu Lisesi<\/strong>\u2019nden mezun oldum.<br>Y\u00fcksek\u00f6\u011frenimimi <strong>Kocaeli \u00dcniversitesi Elektrik M\u00fchendisli\u011fi B\u00f6l\u00fcm\u00fc<\/strong>\u2019nde tamamlad\u0131m.<\/p>\n\n\n\n<p>Askerlik g\u00f6revimi <strong>Ankara Bah\u00e7elievler\u2019de<\/strong>, <strong>kapal\u0131 havuzda cankurtaran ve y\u00fczme e\u011fitmeni<\/strong> olarak yerine getirdim. Bu s\u00fcre\u00e7te, hem <strong>disiplinli \u00e7al\u0131\u015fma al\u0131\u015fkanl\u0131\u011f\u0131<\/strong> kazand\u0131m hem de <strong>ekip y\u00f6netimi ve g\u00fcvenlik sorumlulu\u011fu<\/strong> konular\u0131nda de\u011ferli tecr\u00fcbeler edindim.<\/p>\n\n\n<div class=\"wp-block-image\">\n<figure class=\"aligncenter size-large is-resized\"><img loading=\"lazy\" decoding=\"async\" width=\"1024\" height=\"768\" src=\"https:\/\/denizgiray.com\/wp-content\/uploads\/2025\/09\/deniz-giray-kalite-kontrol-1-1024x768.jpg\" alt=\"\" class=\"wp-image-410\" style=\"width:442px;height:auto\" srcset=\"https:\/\/denizgiray.com\/wp-content\/uploads\/2025\/09\/deniz-giray-kalite-kontrol-1-1024x768.jpg 1024w, https:\/\/denizgiray.com\/wp-content\/uploads\/2025\/09\/deniz-giray-kalite-kontrol-1-300x225.jpg 300w, https:\/\/denizgiray.com\/wp-content\/uploads\/2025\/09\/deniz-giray-kalite-kontrol-1-768x576.jpg 768w, https:\/\/denizgiray.com\/wp-content\/uploads\/2025\/09\/deniz-giray-kalite-kontrol-1-1536x1152.jpg 1536w, https:\/\/denizgiray.com\/wp-content\/uploads\/2025\/09\/deniz-giray-kalite-kontrol-1-2048x1536.jpg 2048w\" sizes=\"(max-width: 1024px) 100vw, 1024px\" \/><\/figure><\/div>\n\n\n<p class=\"has-text-align-center\">\u00dcretim s\u0131ras\u0131nda yapt\u0131\u011f\u0131m inf\u00fczyon kontrol\u00fcnden g\u00f6r\u00fcnen bir foto\u011fraf. 2018 y\u0131l\u0131na ait. <\/p>\n\n\n\n<p>2011 y\u0131l\u0131nda tan\u0131\u015ft\u0131\u011f\u0131m <strong>Sirena Marine Denizcilik A.\u015e.<\/strong> b\u00fcnyesinde yakla\u015f\u0131k <strong>13 y\u0131l<\/strong> g\u00f6rev yapt\u0131m.<br>Bu s\u00fcre boyunca, <strong>Sat\u0131\u015f Sonras\u0131 Hizmetler<\/strong> ve <strong>Kalite Kontrol Y\u00f6neticili\u011fi<\/strong> g\u00f6revlerini y\u00fcr\u00fctt\u00fcm.<\/p>\n\n\n\n<p>Sirena Marine\u2019de \u00fcretimi ger\u00e7ekle\u015ftirilen <strong>yakla\u015f\u0131k 380 yelkenli ve motoryat\u0131n<\/strong>, <strong>deniz testleri, proses kalite s\u00fcre\u00e7leri, final kalite kontrol ve teslimat \u00f6ncesi denetimlerini<\/strong> y\u00f6nettim.<\/p>\n\n\n\n<p>Ayr\u0131ca, <strong>yurt d\u0131\u015f\u0131 tedarik\u00e7i denetimleri<\/strong>, <strong>ISO 9001, ISO 14001 ve ISO 45001<\/strong> kalite y\u00f6netim sistemleri kapsam\u0131nda <strong>belgelendirme \u00e7al\u0131\u015fmalar\u0131, kalite kontrol listelerinin olu\u015fturulmas\u0131, s\u00fcrekli iyile\u015ftirme ve s\u00fcre\u00e7 y\u00f6netimi<\/strong> alanlar\u0131nda aktif olarak g\u00f6rev ald\u0131m.<\/p>\n\n\n\n<p>Bu d\u00f6nem, denizcilik sekt\u00f6r\u00fcndeki \u00fcretim standartlar\u0131n\u0131, uluslararas\u0131 kalite y\u00f6netimi anlay\u0131\u015f\u0131yla birle\u015ftirdi\u011fim, profesyonel kariyerimde \u00f6nemli bir d\u00f6n\u00fcm noktas\u0131 olmu\u015ftur.<\/p>\n\n\n<div class=\"wp-block-image\">\n<figure class=\"aligncenter size-large is-resized\"><img loading=\"lazy\" decoding=\"async\" width=\"1024\" height=\"768\" src=\"https:\/\/denizgiray.com\/wp-content\/uploads\/2025\/09\/deniz-giray-sorvey-sirena-yachts-1024x768.jpg\" alt=\"\" class=\"wp-image-399\" style=\"width:445px;height:auto\" srcset=\"https:\/\/denizgiray.com\/wp-content\/uploads\/2025\/09\/deniz-giray-sorvey-sirena-yachts-1024x768.jpg 1024w, https:\/\/denizgiray.com\/wp-content\/uploads\/2025\/09\/deniz-giray-sorvey-sirena-yachts-300x225.jpg 300w, https:\/\/denizgiray.com\/wp-content\/uploads\/2025\/09\/deniz-giray-sorvey-sirena-yachts-768x576.jpg 768w, https:\/\/denizgiray.com\/wp-content\/uploads\/2025\/09\/deniz-giray-sorvey-sirena-yachts-1536x1152.jpg 1536w, https:\/\/denizgiray.com\/wp-content\/uploads\/2025\/09\/deniz-giray-sorvey-sirena-yachts-2048x1536.jpg 2048w\" sizes=\"(max-width: 1024px) 100vw, 1024px\" \/><\/figure><\/div>\n\n\n<p class=\"has-text-align-center\">Yukar\u0131da, kalite kontrol s\u00fcre\u00e7lerini tamamlad\u0131\u011f\u0131m bir Sirena Yachts 88&#8217;i gemiye y\u00fckledi\u011fim g\u00fcn g\u00f6r\u00fcn\u00fcyor. <\/p>\n\n\n\n<p><strong>2024 y\u0131l\u0131nda kendi yat s\u00f6rvey ve ekspertiz \u015firketimi kurduktan sonra<\/strong>, T\u00fcrkiye\u2019nin ve Avrupa\u2019n\u0131n bir\u00e7ok b\u00f6lgesinde <strong>yat ve tekne s\u00f6rvey faaliyetlerine<\/strong> aktif olarak devam etmekteyim.<\/p>\n\n\n\n<p><strong>American Boat &amp; Yacht Council (ABYC)<\/strong> \u00fcyesi olarak, t\u00fcm \u00e7al\u0131\u015fmalar\u0131m\u0131 uluslararas\u0131 standartlara uygun \u015fekilde y\u00fcr\u00fctmekteyim.<\/p>\n\n\n\n<p>Bug\u00fcne kadar, \u00fcretim s\u00fcre\u00e7lerinde kontrol etti\u011fim teknelerle birlikte, <strong>700\u2019\u00fcn \u00fczerinde yat\u0131n kalite kontrol ve s\u00f6rvey \u00e7al\u0131\u015fmalar\u0131n\u0131<\/strong> ba\u015far\u0131yla tamamlad\u0131m.<br>Her bir projede, ba\u011f\u0131ms\u0131zl\u0131k ilkesinden \u00f6d\u00fcn vermeden, teknik do\u011fruluk ve denizde g\u00fcvenlik anlay\u0131\u015f\u0131n\u0131 \u00f6n planda tutmaktay\u0131m.<\/p>\n\n\n<div class=\"wp-block-image\">\n<figure class=\"aligncenter size-large is-resized\"><img loading=\"lazy\" decoding=\"async\" width=\"1024\" height=\"768\" src=\"https:\/\/denizgiray.com\/wp-content\/uploads\/2025\/09\/Deniz-Giray-sorvey-motoryat-1-1024x768.jpg\" alt=\"\" class=\"wp-image-402\" style=\"width:459px;height:auto\" srcset=\"https:\/\/denizgiray.com\/wp-content\/uploads\/2025\/09\/Deniz-Giray-sorvey-motoryat-1-1024x768.jpg 1024w, https:\/\/denizgiray.com\/wp-content\/uploads\/2025\/09\/Deniz-Giray-sorvey-motoryat-1-300x225.jpg 300w, https:\/\/denizgiray.com\/wp-content\/uploads\/2025\/09\/Deniz-Giray-sorvey-motoryat-1-768x576.jpg 768w, https:\/\/denizgiray.com\/wp-content\/uploads\/2025\/09\/Deniz-Giray-sorvey-motoryat-1-1536x1152.jpg 1536w, https:\/\/denizgiray.com\/wp-content\/uploads\/2025\/09\/Deniz-Giray-sorvey-motoryat-1-2048x1536.jpg 2048w\" sizes=\"(max-width: 1024px) 100vw, 1024px\" \/><\/figure><\/div>\n\n\n<p class=\"has-text-align-center\">Yukar\u0131da, sevgili arkada\u015f\u0131m Mert Peki\u00e7ten ile G\u00f6cek&#8217;te 42 metre boyunda bir motoryat s\u00f6rveyi yapt\u0131\u011f\u0131m\u0131z g\u00fcn g\u00f6r\u00fcl\u00fcyor. Tekne g\u00f6vde kontrol\u00fc s\u0131ras\u0131nda, g\u00f6vdeye, \u00fc\u00e7 bine yak\u0131n test numaras\u0131 yazm\u0131\u015ft\u0131k. <\/p>\n\n\n\n<p><strong>2005 y\u0131l\u0131nda kurdu\u011fum <a href=\"http:\/\/www.yelkenokulu.com\">www.yelkenokulu.com<\/a><\/strong> internet sitesi, g\u00fcn\u00fcm\u00fcze kadar <strong>55 milyondan fazla t\u0131klanma<\/strong> alarak <strong>y\u00fcz binlerce ki\u015fiye<\/strong> ula\u015fm\u0131\u015ft\u0131r.<\/p>\n\n\n\n<p>Site i\u00e7eri\u011finde; <strong>yelkencilik, denizcilik, tekneler, yatlar, meteoroloji, bal\u0131k\u00e7\u0131l\u0131k, ak\u0131nt\u0131lar, deniz fenerleri, hava durumu<\/strong> ve <strong>teknik konular<\/strong> hakk\u0131nda kapsaml\u0131 bilgiler sunulmaktad\u0131r.<\/p>\n\n\n\n<p>T\u00fcrkiye\u2019de denizcilik k\u00fclt\u00fcr\u00fcn\u00fcn geli\u015fmesine katk\u0131 sa\u011flayan bu platform, halen <strong>yelkencilik ve denizcilik \u00fczerine en \u00e7ok ziyaret edilen bilgi kaynaklar\u0131ndan biri<\/strong> olma \u00f6zelli\u011fini ta\u015f\u0131maktad\u0131r.<\/p>\n\n\n<div class=\"wp-block-image\">\n<figure class=\"aligncenter size-large is-resized\"><img loading=\"lazy\" decoding=\"async\" width=\"1024\" height=\"768\" src=\"https:\/\/denizgiray.com\/wp-content\/uploads\/2025\/09\/blue-game-deniz-giray-sorvey-1-1024x768.jpg\" alt=\"\" class=\"wp-image-404\" style=\"width:456px;height:auto\" srcset=\"https:\/\/denizgiray.com\/wp-content\/uploads\/2025\/09\/blue-game-deniz-giray-sorvey-1-1024x768.jpg 1024w, https:\/\/denizgiray.com\/wp-content\/uploads\/2025\/09\/blue-game-deniz-giray-sorvey-1-300x225.jpg 300w, https:\/\/denizgiray.com\/wp-content\/uploads\/2025\/09\/blue-game-deniz-giray-sorvey-1-768x576.jpg 768w, https:\/\/denizgiray.com\/wp-content\/uploads\/2025\/09\/blue-game-deniz-giray-sorvey-1-1536x1152.jpg 1536w, https:\/\/denizgiray.com\/wp-content\/uploads\/2025\/09\/blue-game-deniz-giray-sorvey-1-2048x1536.jpg 2048w\" sizes=\"(max-width: 1024px) 100vw, 1024px\" \/><\/figure><\/div>\n\n\n<p class=\"has-text-align-center\">Yukar\u0131da, Blue Game X70 s\u00f6rveyi s\u0131ras\u0131nda \u00e7ekilmi\u015f bir foto\u011fraf. <\/p>\n\n\n\n<p><strong>2020 y\u0131l\u0131nda<\/strong> denizcilik \u00fczerine kurdu\u011fum <strong>YouTube kanal\u0131m<\/strong>, bug\u00fcn <strong>yakla\u015f\u0131k 45.000 aboneye<\/strong> ula\u015fm\u0131\u015f durumda ve her ge\u00e7en g\u00fcn <strong>binlerce yeni izlenme<\/strong> almaya devam etmektedir.<br>Kanal\u0131mda; <strong>yatlar, denizcilik, yelken, bak\u0131m ve teknik konular<\/strong> \u00fczerine i\u00e7erikler payla\u015farak, deniz k\u00fclt\u00fcr\u00fcn\u00fc geni\u015f kitlelere aktarmay\u0131 hedefliyorum.<\/p>\n\n\n\n<p>Denizde ge\u00e7irdi\u011fim s\u00fcreyi veya kat etti\u011fim deniz mili mesafesini hi\u00e7bir zaman hesaplamad\u0131m; \u00e7\u00fcnk\u00fc <strong>10 ya\u015f\u0131ndan bu yana aral\u0131ks\u0131z olarak denizin \u00fczerindeyim.<\/strong><br>Halen <strong>Marmara Yelken Kul\u00fcb\u00fc lisansl\u0131 sporcusuyum<\/strong> ve <strong>2024 y\u0131l\u0131nda d\u00fczenlenen ILCA Master T\u00fcrkiye \u015eampiyonas\u0131\u2019nda ikincilik<\/strong> derecesi elde ettim.<\/p>\n\n\n<div class=\"wp-block-image\">\n<figure class=\"aligncenter size-large is-resized\"><img loading=\"lazy\" decoding=\"async\" width=\"1024\" height=\"768\" src=\"https:\/\/denizgiray.com\/wp-content\/uploads\/2025\/09\/deniz-giray-yelken-1-1024x768.jpg\" alt=\"\" class=\"wp-image-407\" style=\"width:457px;height:auto\" srcset=\"https:\/\/denizgiray.com\/wp-content\/uploads\/2025\/09\/deniz-giray-yelken-1-1024x768.jpg 1024w, https:\/\/denizgiray.com\/wp-content\/uploads\/2025\/09\/deniz-giray-yelken-1-300x225.jpg 300w, https:\/\/denizgiray.com\/wp-content\/uploads\/2025\/09\/deniz-giray-yelken-1-768x576.jpg 768w, https:\/\/denizgiray.com\/wp-content\/uploads\/2025\/09\/deniz-giray-yelken-1-1536x1152.jpg 1536w, https:\/\/denizgiray.com\/wp-content\/uploads\/2025\/09\/deniz-giray-yelken-1-2048x1536.jpg 2048w\" sizes=\"(max-width: 1024px) 100vw, 1024px\" \/><\/figure><\/div>","protected":false},"excerpt":{"rendered":"<p>Hakk\u0131m\u0131zda 1993 y\u0131l\u0131nda, hen\u00fcz 10 ya\u015f\u0131ndayken Fenerbah\u00e7e Yelken \u015eubesi\u2019nde optimist s\u0131n\u0131f\u0131 ile yelken sporuna ba\u015flad\u0131m.K\u0131sa s\u00fcrede T\u00fcrkiye Yelken Milli Tak\u0131m\u0131\u2019na se\u00e7ilerek, \u00e7e\u015fitli ulusal ve uluslararas\u0131 yar\u0131\u015flarda dereceler kazand\u0131m. Lise y\u0131llar\u0131mda Galatasaray Yelken \u015eubesi Kaptanl\u0131\u011f\u0131 ve Marmara Yelken Kul\u00fcb\u00fc b\u00fcnyesinde kaptanl\u0131k ve antren\u00f6rl\u00fck g\u00f6revlerinde bulundum.Bu d\u00f6nem, hem liderlik hem de ekip y\u00f6netimi konular\u0131nda \u00f6nemli bir tecr\u00fcbe&#8230;<\/p>\n","protected":false},"author":1,"featured_media":0,"parent":0,"menu_order":0,"comment_status":"closed","ping_status":"closed","template":"","meta":{"_kadence_starter_templates_imported_post":false,"_kad_post_transparent":"","_kad_post_title":"hide","_kad_post_layout":"","_kad_post_sidebar_id":"","_kad_post_content_style":"","_kad_post_vertical_padding":"","_kad_post_feature":"","_kad_post_feature_position":"","_kad_post_header":false,"_kad_post_footer":false,"footnotes":""},"class_list":["post-13","page","type-page","status-publish","hentry"],"_links":{"self":[{"href":"https:\/\/denizgiray.com\/index.php?rest_route=\/wp\/v2\/pages\/13","targetHints":{"allow":["GET"]}}],"collection":[{"href":"https:\/\/denizgiray.com\/index.php?rest_route=\/wp\/v2\/pages"}],"about":[{"href":"https:\/\/denizgiray.com\/index.php?rest_route=\/wp\/v2\/types\/page"}],"author":[{"embeddable":true,"href":"https:\/\/denizgiray.com\/index.php?rest_route=\/wp\/v2\/users\/1"}],"replies":[{"embeddable":true,"href":"https:\/\/denizgiray.com\/index.php?rest_route=%2Fwp%2Fv2%2Fcomments&post=13"}],"version-history":[{"count":32,"href":"https:\/\/denizgiray.com\/index.php?rest_route=\/wp\/v2\/pages\/13\/revisions"}],"predecessor-version":[{"id":718,"href":"https:\/\/denizgiray.com\/index.php?rest_route=\/wp\/v2\/pages\/13\/revisions\/718"}],"wp:attachment":[{"href":"https:\/\/denizgiray.com\/index.php?rest_route=%2Fwp%2Fv2%2Fmedia&parent=13"}],"curies":[{"name":"wp","href":"https:\/\/api.w.org\/{rel}","templated":true}]}}